{"id":31,"date":"2023-10-09T17:41:27","date_gmt":"2023-10-09T15:41:27","guid":{"rendered":"http:\/\/zellem.art\/?page_id=31"},"modified":"2025-08-27T08:48:03","modified_gmt":"2025-08-27T06:48:03","slug":"about-me","status":"publish","type":"page","link":"https:\/\/zellem.art\/index.php\/about-me\/","title":{"rendered":"About me"},"content":{"rendered":"\n<p class=\"has-black-background-color has-text-color has-background has-link-color wp-elements-ce280c8f7abb0167b23f0d9ba4b68dec\" style=\"color:#fdfdfd;font-size:18px;font-style:normal;font-weight:800\">ZELLEM, <br \/>L&#8217;ART DE L&#8217;INVISIBLE<\/p>\n\n\n\n<p style=\"font-style:italic;font-weight:700;text-decoration:none\"><mark style=\"background-color:rgba(0, 0, 0, 0);color:#000000\" class=\"has-inline-color\">Expression artistique de l&#8217;\u00eatre<\/mark><\/p>\n\n\n\n<p>Je peins ce que les mots taisent. Ce que l\u2019on ressent sans toujours savoir dire.<br \/>\u00c0 travers la peinture, j\u2019explore ce lien invisible qui unit les \u00eatres, ce qui vibre entre les mondes, ce qui relie l\u2019humanit\u00e9 \u00e0 l\u2019univers. Entre corps et esprit, mati\u00e8re et \u00e9nergie, visible et invisible.<\/p>\n\n\n\n<p><strong>Qui suis-je ?<\/strong><\/p>\n\n\n\n<p>Depuis mon enfance, j\u2019ai toujours ressenti un besoin profond de cr\u00e9er. Le dessin, la peinture, la danse et la po\u00e9sie ont \u00e9t\u00e9 mes premiers langages.<\/p>\n\n\n\n<p>Pendant mes \u00e9tudes \u2013 de la gestion au marketing, en passant par la communication et le web design \u2013 je me suis toujours sentie en d\u00e9calage. Quelque chose de plus profond bouillonnait en moi, sans pouvoir encore prendre pleinement sa place.<br \/>Ce quelque chose, c\u2019\u00e9tait l\u2019art : un besoin vital de dire, de provoquer, de susciter, d\u2019\u00e9veiller, de faire bouger le monde\u2026 le mien, pour commencer.<\/p>\n\n\n\n<p><strong>Mes d\u00e9buts<\/strong><\/p>\n\n\n\n<p>C\u2019est en 2016, \u00e0 l\u2019\u00e2ge de 27 ans, apr\u00e8s avoir \u00e9t\u00e9 percut\u00e9e de plein fouet par le rejet et le m\u00e9pris, que je r\u00e9alise ma premi\u00e8re toile. Elle marque un tournant. La peinture devient alors mon refuge, mon exutoire.<br \/>\u00c0 travers elle, je comprends que si le monde me rejette, l\u2019art, lui, me renverra cet amour que je lui porte et ne m\u2019abandonnera jamais.<br \/>Si un jour les mots manquent, peu importe ce qui sera enfoui et bloqu\u00e9 en moi \u2014 laideur ou beaut\u00e9 \u2014 la peinture restera toujours un moyen de lib\u00e9ration puissant.<\/p>\n\n\n\n<p><strong>Une renaissance<\/strong><\/p>\n\n\n\n<p>La vie active m\u2019emporte loin de mes r\u00eaves et m\u2019\u00e9loigne de moi-m\u00eame\u2026 jusqu\u2019\u00e0 ce qu\u2019au bord du pr\u00e9cipice, la peinture me rattrape. Plus je me perds, plus elle m\u2019appelle. Chaque toile devient une exploration int\u00e9rieure, un pas vers une version plus consciente de moi-m\u00eame.<\/p>\n\n\n\n<p>En 2019, en parall\u00e8le d\u2019un travail th\u00e9rapeutique, je peins <em>Moi<\/em>. Une \u0153uvre-passerelle entre pass\u00e9, pr\u00e9sent et futur.<br>Elle r\u00e9v\u00e8le une v\u00e9rit\u00e9 essentielle : je suis toutes ces temporalit\u00e9s \u00e0 la fois.<br>Cette prise de conscience m\u2019a ancr\u00e9e, recentr\u00e9e et a r\u00e9veill\u00e9 en moi un \u00e9lan vital : le d\u00e9sir sinc\u00e8re de cr\u00e9er pour contribuer \u00e0 un monde meilleur, plus \u00e9quilibr\u00e9, plus beau, plus conscient.<\/p>\n\n\n\n<p><strong>Et aujourd\u2019hui ?<\/strong><\/p>\n\n\n\n<p>Mon travail est en constante \u00e9volution.<br \/>Il s\u2019enracine dans des th\u00e9matiques profondes : la sant\u00e9 mentale, la spiritualit\u00e9, la physique quantique, l\u2019astronomie\u2026<br \/>Autant de dimensions qui nourrissent ma qu\u00eate de sens et s\u2019expriment au fil de mes toiles.<\/p>\n\n\n\n<p>Il n\u2019en reste pas moins, au c\u0153ur de mon art : <strong>la femme<\/strong>, l\u2019essence de mon \u00eatre. Je la repr\u00e9sente dans toute sa puissance et sa beaut\u00e9.<\/p>\n\n\n\n<p>Le corps devient un langage universel \u2014 un langage en mouvement, en lien avec l\u2019espace qui l\u2019entoure.<br \/>En jouant avec la sym\u00e9trie, je fusionne les corps pour exprimer la connexion profonde qui nous relie les uns aux autres, dans l\u2019unit\u00e9 de l\u2019humanit\u00e9.<\/p>\n\n\n\n<p>Je privil\u00e9gie la forme g\u00e9n\u00e9rale, je gomme les visages, j\u2019efface les d\u00e9tails de la peau\u2026 pour mieux faire \u00e9merger l\u2019essentiel : ce lien invisible, profond, universel.<br \/>Au-del\u00e0 des apparences, c\u2019est cette pr\u00e9sence commune, cette \u00e9nergie invisible, que je cherche \u00e0 r\u00e9v\u00e9ler. Un langage sans mots, qui parle \u00e0 chacun selon sa propre histoire. Une invitation \u00e0 ressentir la puissance de notre humanit\u00e9 partag\u00e9e \u00e0 travers le prisme de la femme.<\/p>\n\n\n\n<p><strong>Une invitation \u00e0 la r\u00e9flexion<\/strong><\/p>\n\n\n\n<p>Depuis la nuit des temps, l\u2019humanit\u00e9 cherche \u00e0 comprendre ce qui la d\u00e9passe, \u00e0 repousser les limites de son propre horizon. Par le biais de la peinture, je m\u2019interroge sur les grandes questions de l\u2019existence. <\/p>\n\n\n\n<p>L\u2019art, pour moi, est un moyen d\u2019explorer ces myst\u00e8res et de tisser des ponts :<br \/>entre le visible et l\u2019invisible,<br \/>entre les sciences et la spiritualit\u00e9,<br \/>entre le soi profond et l\u2019univers infini.<\/p>\n\n\n\n<p>Il ne s\u2019agit pas simplement de repr\u00e9senter, mais de r\u00e9v\u00e9ler.<br \/>R\u00e9v\u00e9ler ce qui relie, ce qui transcende, ce qui \u00e9l\u00e8ve l\u2019humanit\u00e9.<\/p>\n\n\n\n<p><strong>ART . LOVE . LIFE<\/strong><\/p>\n\n\n\n<p><strong>Zellem<\/strong><\/p>\n\n\n\n<div class=\"wp-block-columns are-vertically-aligned-top is-layout-flex wp-container-core-columns-is-layout-9d6595d7 wp-block-columns-is-layout-flex\">\n<div class=\"wp-block-column is-vertically-aligned-top is-layout-flow wp-block-column-is-layout-flow\" style=\"flex-basis:100%\">\n<div class=\"wp-block-group\"><div class=\"wp-block-group__inner-container is-layout-constrained wp-block-group-is-layout-constrained\">\n<div class=\"wp-block-columns is-layout-flex wp-container-core-columns-is-layout-9d6595d7 wp-block-columns-is-layout-flex\">\n<div class=\"wp-block-column is-layout-flow wp-block-column-is-layout-flow\"><\/div>\n\n\n\n<div class=\"wp-block-column is-layout-flow wp-block-column-is-layout-flow\"><\/div>\n<\/div>\n<\/div><\/div>\n<\/div>\n<\/div>\n","protected":false},"excerpt":{"rendered":"<p>ZELLEM, L&#8217;ART DE L&#8217;INVISIBLE Expression artistique de l&#8217;\u00eatre Je peins ce que les mots taisent. Ce que l\u2019on ressent sans toujours savoir dire.\u00c0 travers la peinture, j\u2019explore ce lien invisible qui unit les \u00eatres, ce qui vibre entre les mondes, ce qui relie l\u2019humanit\u00e9 \u00e0 l\u2019univers. Entre corps et esprit, mati\u00e8re et \u00e9nergie, visible et [&hellip;]<\/p>\n","protected":false},"author":1,"featured_media":0,"parent":0,"menu_order":0,"comment_status":"closed","ping_status":"closed","template":"","meta":{"footnotes":""},"class_list":["post-31","page","type-page","status-publish","hentry"],"_links":{"self":[{"href":"https:\/\/zellem.art\/index.php\/wp-json\/wp\/v2\/pages\/31","targetHints":{"allow":["GET"]}}],"collection":[{"href":"https:\/\/zellem.art\/index.php\/wp-json\/wp\/v2\/pages"}],"about":[{"href":"https:\/\/zellem.art\/index.php\/wp-json\/wp\/v2\/types\/page"}],"author":[{"embeddable":true,"href":"https:\/\/zellem.art\/index.php\/wp-json\/wp\/v2\/users\/1"}],"replies":[{"embeddable":true,"href":"https:\/\/zellem.art\/index.php\/wp-json\/wp\/v2\/comments?post=31"}],"version-history":[{"count":47,"href":"https:\/\/zellem.art\/index.php\/wp-json\/wp\/v2\/pages\/31\/revisions"}],"predecessor-version":[{"id":412,"href":"https:\/\/zellem.art\/index.php\/wp-json\/wp\/v2\/pages\/31\/revisions\/412"}],"wp:attachment":[{"href":"https:\/\/zellem.art\/index.php\/wp-json\/wp\/v2\/media?parent=31"}],"curies":[{"name":"wp","href":"https:\/\/api.w.org\/{rel}","templated":true}]}}