{"id":304,"date":"2024-02-18T12:45:02","date_gmt":"2024-02-18T11:45:02","guid":{"rendered":"http:\/\/zellem.art\/?page_id=304"},"modified":"2024-02-18T12:45:02","modified_gmt":"2024-02-18T11:45:02","slug":"human","status":"publish","type":"page","link":"https:\/\/zellem.art\/index.php\/human\/","title":{"rendered":"Human"},"content":{"rendered":"\n<p class=\"has-text-align-center\" style=\"font-size:18px;font-style:normal;font-weight:600\">Travis is back !<\/p>\n\n\n\n<div class=\"wp-block-group\"><div class=\"wp-block-group__inner-container is-layout-constrained wp-block-group-is-layout-constrained\">\n<div class=\"wp-block-columns is-layout-flex wp-container-core-columns-is-layout-9d6595d7 wp-block-columns-is-layout-flex\">\n<div class=\"wp-block-column is-layout-flow wp-block-column-is-layout-flow\">\n<div class=\"wp-block-columns is-layout-flex wp-container-core-columns-is-layout-9d6595d7 wp-block-columns-is-layout-flex\">\n<div class=\"wp-block-column is-layout-flow wp-block-column-is-layout-flow\">\n<figure class=\"wp-block-image size-large\"><img loading=\"lazy\" decoding=\"async\" width=\"1024\" height=\"716\" src=\"http:\/\/zellem.art\/wp-content\/uploads\/2024\/02\/368418736_806544194352913_5075337620934529482_n-1024x716.jpg\" alt=\"\" class=\"wp-image-302\" srcset=\"https:\/\/zellem.art\/wp-content\/uploads\/2024\/02\/368418736_806544194352913_5075337620934529482_n-1024x716.jpg 1024w, https:\/\/zellem.art\/wp-content\/uploads\/2024\/02\/368418736_806544194352913_5075337620934529482_n-300x210.jpg 300w, https:\/\/zellem.art\/wp-content\/uploads\/2024\/02\/368418736_806544194352913_5075337620934529482_n-768x537.jpg 768w, https:\/\/zellem.art\/wp-content\/uploads\/2024\/02\/368418736_806544194352913_5075337620934529482_n.jpg 1080w\" sizes=\"auto, (max-width: 1024px) 100vw, 1024px\" \/><\/figure>\n<\/div>\n\n\n\n<div class=\"wp-block-column is-layout-flow wp-block-column-is-layout-flow\">\n<p>Dans cette illu, Travis semble flotter dans l&#8217;espace avec sa combinaison de cosmonaute. Les traits sur son visage s&#8217;apparentent \u00e0 de la fibre musculaire. <br><br>Les \u00e9l\u00e9ments ronds et ovales qui enveloppent Travis sont des repr\u00e9sentations de globules blancs et de globules rouges. <br><br>Pour finir on peut lire le mot &#8220;Human&#8221; en haut \u00e0 droite avec des lettres qui se fondent entre elles.<\/p>\n<\/div>\n<\/div>\n<\/div>\n<\/div>\n<\/div><\/div>\n\n\n\n<div class=\"wp-block-columns is-layout-flex wp-container-core-columns-is-layout-9d6595d7 wp-block-columns-is-layout-flex\">\n<div class=\"wp-block-column is-layout-flow wp-block-column-is-layout-flow\">\n<figure class=\"wp-block-image size-large\"><img loading=\"lazy\" decoding=\"async\" width=\"1024\" height=\"718\" src=\"http:\/\/zellem.art\/wp-content\/uploads\/2024\/02\/367948458_308500418225332_3178001537803490089_n-1024x718.jpg\" alt=\"\" class=\"wp-image-305\" srcset=\"https:\/\/zellem.art\/wp-content\/uploads\/2024\/02\/367948458_308500418225332_3178001537803490089_n-1024x718.jpg 1024w, https:\/\/zellem.art\/wp-content\/uploads\/2024\/02\/367948458_308500418225332_3178001537803490089_n-300x210.jpg 300w, https:\/\/zellem.art\/wp-content\/uploads\/2024\/02\/367948458_308500418225332_3178001537803490089_n-768x538.jpg 768w, https:\/\/zellem.art\/wp-content\/uploads\/2024\/02\/367948458_308500418225332_3178001537803490089_n.jpg 1080w\" sizes=\"auto, (max-width: 1024px) 100vw, 1024px\" \/><\/figure>\n<\/div>\n<\/div>\n\n\n\n<figure class=\"wp-block-image size-large\"><img loading=\"lazy\" decoding=\"async\" width=\"1024\" height=\"718\" src=\"http:\/\/zellem.art\/wp-content\/uploads\/2024\/02\/367762852_860580345695627_1656616303743841312_n-1024x718.jpg\" alt=\"\" class=\"wp-image-306\" srcset=\"https:\/\/zellem.art\/wp-content\/uploads\/2024\/02\/367762852_860580345695627_1656616303743841312_n-1024x718.jpg 1024w, https:\/\/zellem.art\/wp-content\/uploads\/2024\/02\/367762852_860580345695627_1656616303743841312_n-300x210.jpg 300w, https:\/\/zellem.art\/wp-content\/uploads\/2024\/02\/367762852_860580345695627_1656616303743841312_n-768x538.jpg 768w, https:\/\/zellem.art\/wp-content\/uploads\/2024\/02\/367762852_860580345695627_1656616303743841312_n.jpg 1060w\" sizes=\"auto, (max-width: 1024px) 100vw, 1024px\" \/><\/figure>\n\n\n\n<p class=\"has-text-align-center has-black-background-color has-text-color has-background has-link-color wp-elements-004dd034abbae8e3eb57163ed72bb66d\" style=\"color:#fdfdfd\"><em>Technique : Feutre sur papier<br>Format :  A3<\/em><\/p>\n","protected":false},"excerpt":{"rendered":"<p>Travis is back ! Dans cette illu, Travis semble flotter dans l&#8217;espace avec sa combinaison de cosmonaute. Les traits sur son visage s&#8217;apparentent \u00e0 de la fibre musculaire. Les \u00e9l\u00e9ments ronds et ovales qui enveloppent Travis sont des repr\u00e9sentations de globules blancs et de globules rouges. Pour finir on peut lire le mot &#8220;Human&#8221; en [&hellip;]<\/p>\n","protected":false},"author":1,"featured_media":0,"parent":0,"menu_order":0,"comment_status":"closed","ping_status":"closed","template":"","meta":{"footnotes":""},"class_list":["post-304","page","type-page","status-publish","hentry"],"_links":{"self":[{"href":"https:\/\/zellem.art\/index.php\/wp-json\/wp\/v2\/pages\/304","targetHints":{"allow":["GET"]}}],"collection":[{"href":"https:\/\/zellem.art\/index.php\/wp-json\/wp\/v2\/pages"}],"about":[{"href":"https:\/\/zellem.art\/index.php\/wp-json\/wp\/v2\/types\/page"}],"author":[{"embeddable":true,"href":"https:\/\/zellem.art\/index.php\/wp-json\/wp\/v2\/users\/1"}],"replies":[{"embeddable":true,"href":"https:\/\/zellem.art\/index.php\/wp-json\/wp\/v2\/comments?post=304"}],"version-history":[{"count":1,"href":"https:\/\/zellem.art\/index.php\/wp-json\/wp\/v2\/pages\/304\/revisions"}],"predecessor-version":[{"id":307,"href":"https:\/\/zellem.art\/index.php\/wp-json\/wp\/v2\/pages\/304\/revisions\/307"}],"wp:attachment":[{"href":"https:\/\/zellem.art\/index.php\/wp-json\/wp\/v2\/media?parent=304"}],"curies":[{"name":"wp","href":"https:\/\/api.w.org\/{rel}","templated":true}]}}