{"id":268,"date":"2023-10-23T10:57:02","date_gmt":"2023-10-23T08:57:02","guid":{"rendered":"http:\/\/zellem.art\/?page_id=268"},"modified":"2024-02-18T18:50:21","modified_gmt":"2024-02-18T17:50:21","slug":"care-2","status":"publish","type":"page","link":"https:\/\/zellem.art\/index.php\/care-2\/","title":{"rendered":"Care 2"},"content":{"rendered":"\n<div class=\"wp-block-columns is-layout-flex wp-container-core-columns-is-layout-9d6595d7 wp-block-columns-is-layout-flex\">\n<div class=\"wp-block-column is-layout-flow wp-block-column-is-layout-flow\">\n<figure class=\"wp-block-image size-large\"><img loading=\"lazy\" decoding=\"async\" width=\"768\" height=\"1024\" src=\"http:\/\/zellem.art\/wp-content\/uploads\/2023\/10\/IMG_5437-edited-768x1024.jpg\" alt=\"\" class=\"wp-image-256\" srcset=\"https:\/\/zellem.art\/wp-content\/uploads\/2023\/10\/IMG_5437-edited-768x1024.jpg 768w, https:\/\/zellem.art\/wp-content\/uploads\/2023\/10\/IMG_5437-edited-225x300.jpg 225w, https:\/\/zellem.art\/wp-content\/uploads\/2023\/10\/IMG_5437-edited-1151x1536.jpg 1151w, https:\/\/zellem.art\/wp-content\/uploads\/2023\/10\/IMG_5437-edited-1535x2048.jpg 1535w, https:\/\/zellem.art\/wp-content\/uploads\/2023\/10\/IMG_5437-edited-scaled.jpg 1919w\" sizes=\"auto, (max-width: 768px) 100vw, 768px\" \/><\/figure>\n\n\n\n<div class=\"wp-block-columns is-layout-flex wp-container-core-columns-is-layout-9d6595d7 wp-block-columns-is-layout-flex\">\n<div class=\"wp-block-column is-layout-flow wp-block-column-is-layout-flow\">\n<p class=\"has-text-align-center has-black-background-color has-text-color has-background\" style=\"color:#fdfdfd\"><em>Technique : Acrylique sur toile<br>Dimensions : 92 x 73 cm<\/em><\/p>\n<\/div>\n<\/div>\n<\/div>\n\n\n\n<div class=\"wp-block-column is-layout-flow wp-block-column-is-layout-flow\">\n<p><strong>CARE<\/strong><\/p>\n\n\n\n<p>Nous cherchons tous et toutes au fond de notre \u00eatre la force, l&#8217;\u00e9nergie positive.<\/p>\n\n\n\n<p>Celle qui insuffle la vie.<\/p>\n\n\n\n<p>Il est question de la n\u00e9cessit\u00e9 de prendre soin du monde qui nous entoure mais aussi et avant tout de prendre soin de son petit monde int\u00e9rieur.<\/p>\n\n\n\n<p>Zellem<\/p>\n<\/div>\n<\/div>\n\n\n\n<p><\/p>\n","protected":false},"excerpt":{"rendered":"<p>Technique : Acrylique sur toileDimensions : 92 x 73 cm CARE Nous cherchons tous et toutes au fond de notre \u00eatre la force, l&#8217;\u00e9nergie positive. Celle qui insuffle la vie. Il est question de la n\u00e9cessit\u00e9 de prendre soin du monde qui nous entoure mais aussi et avant tout de prendre soin de son petit [&hellip;]<\/p>\n","protected":false},"author":1,"featured_media":0,"parent":0,"menu_order":0,"comment_status":"closed","ping_status":"closed","template":"","meta":{"footnotes":""},"class_list":["post-268","page","type-page","status-publish","hentry"],"_links":{"self":[{"href":"https:\/\/zellem.art\/index.php\/wp-json\/wp\/v2\/pages\/268","targetHints":{"allow":["GET"]}}],"collection":[{"href":"https:\/\/zellem.art\/index.php\/wp-json\/wp\/v2\/pages"}],"about":[{"href":"https:\/\/zellem.art\/index.php\/wp-json\/wp\/v2\/types\/page"}],"author":[{"embeddable":true,"href":"https:\/\/zellem.art\/index.php\/wp-json\/wp\/v2\/users\/1"}],"replies":[{"embeddable":true,"href":"https:\/\/zellem.art\/index.php\/wp-json\/wp\/v2\/comments?post=268"}],"version-history":[{"count":4,"href":"https:\/\/zellem.art\/index.php\/wp-json\/wp\/v2\/pages\/268\/revisions"}],"predecessor-version":[{"id":332,"href":"https:\/\/zellem.art\/index.php\/wp-json\/wp\/v2\/pages\/268\/revisions\/332"}],"wp:attachment":[{"href":"https:\/\/zellem.art\/index.php\/wp-json\/wp\/v2\/media?parent=268"}],"curies":[{"name":"wp","href":"https:\/\/api.w.org\/{rel}","templated":true}]}}