{"id":149,"date":"2023-10-10T22:18:15","date_gmt":"2023-10-10T20:18:15","guid":{"rendered":"http:\/\/zellem.art\/?page_id=149"},"modified":"2024-02-18T18:56:11","modified_gmt":"2024-02-18T17:56:11","slug":"renaissance","status":"publish","type":"page","link":"https:\/\/zellem.art\/index.php\/renaissance\/","title":{"rendered":"Renaissance"},"content":{"rendered":"\n<div class=\"wp-block-columns is-layout-flex wp-container-core-columns-is-layout-9d6595d7 wp-block-columns-is-layout-flex\">\n<div class=\"wp-block-column is-layout-flow wp-block-column-is-layout-flow\">\n<figure class=\"wp-block-gallery has-nested-images columns-default is-cropped wp-block-gallery-1 is-layout-flex wp-block-gallery-is-layout-flex\">\n<figure class=\"wp-block-image size-large\"><img loading=\"lazy\" decoding=\"async\" width=\"757\" height=\"1024\" data-id=\"88\" src=\"http:\/\/zellem.art\/wp-content\/uploads\/2023\/10\/IMG_8737-757x1024.jpeg\" alt=\"\" class=\"wp-image-88\" srcset=\"https:\/\/zellem.art\/wp-content\/uploads\/2023\/10\/IMG_8737-757x1024.jpeg 757w, https:\/\/zellem.art\/wp-content\/uploads\/2023\/10\/IMG_8737-222x300.jpeg 222w, https:\/\/zellem.art\/wp-content\/uploads\/2023\/10\/IMG_8737-768x1039.jpeg 768w, https:\/\/zellem.art\/wp-content\/uploads\/2023\/10\/IMG_8737-1135x1536.jpeg 1135w, https:\/\/zellem.art\/wp-content\/uploads\/2023\/10\/IMG_8737-1514x2048.jpeg 1514w, https:\/\/zellem.art\/wp-content\/uploads\/2023\/10\/IMG_8737-scaled.jpeg 1892w\" sizes=\"auto, (max-width: 757px) 100vw, 757px\" \/><\/figure>\n<\/figure>\n\n\n\n<figure class=\"wp-block-image size-large\"><img loading=\"lazy\" decoding=\"async\" width=\"768\" height=\"1024\" src=\"http:\/\/zellem.art\/wp-content\/uploads\/2023\/10\/IMG_8748-768x1024.jpeg\" alt=\"\" class=\"wp-image-87\" srcset=\"https:\/\/zellem.art\/wp-content\/uploads\/2023\/10\/IMG_8748-768x1024.jpeg 768w, https:\/\/zellem.art\/wp-content\/uploads\/2023\/10\/IMG_8748-225x300.jpeg 225w, https:\/\/zellem.art\/wp-content\/uploads\/2023\/10\/IMG_8748-1152x1536.jpeg 1152w, https:\/\/zellem.art\/wp-content\/uploads\/2023\/10\/IMG_8748-1536x2048.jpeg 1536w, https:\/\/zellem.art\/wp-content\/uploads\/2023\/10\/IMG_8748-scaled.jpeg 1920w\" sizes=\"auto, (max-width: 768px) 100vw, 768px\" \/><\/figure>\n\n\n\n<p class=\"has-text-align-center has-black-background-color has-text-color has-background\" style=\"color:#ffffff\"><em>Techniques : Acrylique sur toile et collage<br>Dimensions : 92 x 73 cm<\/em><\/p>\n<\/div>\n\n\n\n<div class=\"wp-block-column is-layout-flow wp-block-column-is-layout-flow\">\n<p><strong>RENAISSANCE<\/strong><\/p>\n\n\n\n<p>Sombres blessures tapis dans l\u2019ombre<br>Reflet de ton mal.<\/p>\n\n\n\n<p>L\u2019invasion \u00e0 son apog\u00e9e,\u00a0<br>tu te sens meurtrie.<br>Port\u00e9e par le d\u00e9sespoir,<br>tu ouvres les yeux dans un cri.<\/p>\n\n\n\n<p>Rayonnante lumi\u00e8re inonde de ses ondes,<br>les blessures de ton \u00e2me.<\/p>\n\n\n\n<p>Ces valeurs de gris ruissellent de vie.<\/p>\n\n\n\n<p>L\u2019oeil est serein, apais\u00e9,<br>berceau de la beaut\u00e9.<\/p>\n\n\n\n<p>L\u2019amour na\u00eet dans un reflet.<\/p>\n\n\n\n<p>Ouvre les yeux sois en t\u00e9moin,&nbsp;<br>la vie jaillit en son sein.<\/p>\n\n\n\n<p>Zellem<\/p>\n<\/div>\n<\/div>\n","protected":false},"excerpt":{"rendered":"<p>Techniques : Acrylique sur toile et collageDimensions : 92 x 73 cm RENAISSANCE Sombres blessures tapis dans l\u2019ombreReflet de ton mal. L\u2019invasion \u00e0 son apog\u00e9e,\u00a0tu te sens meurtrie.Port\u00e9e par le d\u00e9sespoir,tu ouvres les yeux dans un cri. Rayonnante lumi\u00e8re inonde de ses ondes,les blessures de ton \u00e2me. Ces valeurs de gris ruissellent de vie. L\u2019oeil [&hellip;]<\/p>\n","protected":false},"author":1,"featured_media":0,"parent":0,"menu_order":0,"comment_status":"closed","ping_status":"closed","template":"","meta":{"footnotes":""},"class_list":["post-149","page","type-page","status-publish","hentry"],"_links":{"self":[{"href":"https:\/\/zellem.art\/index.php\/wp-json\/wp\/v2\/pages\/149","targetHints":{"allow":["GET"]}}],"collection":[{"href":"https:\/\/zellem.art\/index.php\/wp-json\/wp\/v2\/pages"}],"about":[{"href":"https:\/\/zellem.art\/index.php\/wp-json\/wp\/v2\/types\/page"}],"author":[{"embeddable":true,"href":"https:\/\/zellem.art\/index.php\/wp-json\/wp\/v2\/users\/1"}],"replies":[{"embeddable":true,"href":"https:\/\/zellem.art\/index.php\/wp-json\/wp\/v2\/comments?post=149"}],"version-history":[{"count":6,"href":"https:\/\/zellem.art\/index.php\/wp-json\/wp\/v2\/pages\/149\/revisions"}],"predecessor-version":[{"id":336,"href":"https:\/\/zellem.art\/index.php\/wp-json\/wp\/v2\/pages\/149\/revisions\/336"}],"wp:attachment":[{"href":"https:\/\/zellem.art\/index.php\/wp-json\/wp\/v2\/media?parent=149"}],"curies":[{"name":"wp","href":"https:\/\/api.w.org\/{rel}","templated":true}]}}