{"id":146,"date":"2023-10-10T22:17:20","date_gmt":"2023-10-10T20:17:20","guid":{"rendered":"http:\/\/zellem.art\/?page_id=146"},"modified":"2024-02-18T18:52:33","modified_gmt":"2024-02-18T17:52:33","slug":"moi","status":"publish","type":"page","link":"https:\/\/zellem.art\/index.php\/moi\/","title":{"rendered":"Moi"},"content":{"rendered":"\n<div class=\"wp-block-columns is-layout-flex wp-container-core-columns-is-layout-9d6595d7 wp-block-columns-is-layout-flex\">\n<div class=\"wp-block-column is-layout-flow wp-block-column-is-layout-flow\">\n<figure class=\"wp-block-image size-large\"><img loading=\"lazy\" decoding=\"async\" width=\"756\" height=\"1024\" src=\"http:\/\/zellem.art\/wp-content\/uploads\/2023\/10\/Zellem-65x92cm-Moi-edited-756x1024.jpg\" alt=\"\" class=\"wp-image-84\" srcset=\"https:\/\/zellem.art\/wp-content\/uploads\/2023\/10\/Zellem-65x92cm-Moi-edited-756x1024.jpg 756w, https:\/\/zellem.art\/wp-content\/uploads\/2023\/10\/Zellem-65x92cm-Moi-edited-222x300.jpg 222w, https:\/\/zellem.art\/wp-content\/uploads\/2023\/10\/Zellem-65x92cm-Moi-edited-768x1040.jpg 768w, https:\/\/zellem.art\/wp-content\/uploads\/2023\/10\/Zellem-65x92cm-Moi-edited-1134x1536.jpg 1134w, https:\/\/zellem.art\/wp-content\/uploads\/2023\/10\/Zellem-65x92cm-Moi-edited-1513x2048.jpg 1513w, https:\/\/zellem.art\/wp-content\/uploads\/2023\/10\/Zellem-65x92cm-Moi-edited-scaled.jpg 1891w\" sizes=\"auto, (max-width: 756px) 100vw, 756px\" \/><\/figure>\n\n\n\n<p class=\"has-text-align-center has-black-background-color has-text-color has-background\" style=\"color:#fdfdfd\"><em>Technique : Acrylique sur toile<br>Dimensions : 92 x 65 cm<\/em><\/p>\n<\/div>\n\n\n\n<div class=\"wp-block-column is-layout-flow wp-block-column-is-layout-flow\">\n<p><strong>M<\/strong>OI<\/p>\n\n\n\n<p>Je ne veux pas \u00eatre dans la hype je veux \u00eatre dans le vrai, \u00eatre moi et vivre pour moi.<br>Je veux laisser quelque chose qui me repr\u00e9sente vraiment.\u00a0<br>Je ne veux pas faire du beau pour du beau et rester en surface.<br>Je veux aller plus loin donner une valeur humaine.<br>Je veux qu\u2019il y ait du sens je veux provoquer, susciter, \u00e9veiller.<br>Autant de verbes pour que le monde change.\u00a0<br>Le mien pour commencer.<br>Je veux qu\u2019au del\u00e0 du sens propre il y ait un sens figur\u00e9.\u00a0<br>Je veux qu\u2019il y ait du relief.\u00a0<br>Je ne veux pas que ce soit vide.\u00a0<br>Je veux que \u00e7a vibre.\u00a0<br>Je ne veux pas faire du copier-coller ctrl C ctrl V et autres raccourcis clavier.<br>Je veux qu\u2019il y ait du sentiment, de la sensibilit\u00e9.<br>Ce je ne sais quoi d\u2019imparfait.<br>Je veux que ce soit moi.<\/p>\n\n\n\n<p>Zellem<\/p>\n<\/div>\n<\/div>\n","protected":false},"excerpt":{"rendered":"<p>Technique : Acrylique sur toileDimensions : 92 x 65 cm MOI Je ne veux pas \u00eatre dans la hype je veux \u00eatre dans le vrai, \u00eatre moi et vivre pour moi.Je veux laisser quelque chose qui me repr\u00e9sente vraiment.\u00a0Je ne veux pas faire du beau pour du beau et rester en surface.Je veux aller plus [&hellip;]<\/p>\n","protected":false},"author":1,"featured_media":0,"parent":0,"menu_order":0,"comment_status":"closed","ping_status":"closed","template":"","meta":{"footnotes":""},"class_list":["post-146","page","type-page","status-publish","hentry"],"_links":{"self":[{"href":"https:\/\/zellem.art\/index.php\/wp-json\/wp\/v2\/pages\/146","targetHints":{"allow":["GET"]}}],"collection":[{"href":"https:\/\/zellem.art\/index.php\/wp-json\/wp\/v2\/pages"}],"about":[{"href":"https:\/\/zellem.art\/index.php\/wp-json\/wp\/v2\/types\/page"}],"author":[{"embeddable":true,"href":"https:\/\/zellem.art\/index.php\/wp-json\/wp\/v2\/users\/1"}],"replies":[{"embeddable":true,"href":"https:\/\/zellem.art\/index.php\/wp-json\/wp\/v2\/comments?post=146"}],"version-history":[{"count":7,"href":"https:\/\/zellem.art\/index.php\/wp-json\/wp\/v2\/pages\/146\/revisions"}],"predecessor-version":[{"id":335,"href":"https:\/\/zellem.art\/index.php\/wp-json\/wp\/v2\/pages\/146\/revisions\/335"}],"wp:attachment":[{"href":"https:\/\/zellem.art\/index.php\/wp-json\/wp\/v2\/media?parent=146"}],"curies":[{"name":"wp","href":"https:\/\/api.w.org\/{rel}","templated":true}]}}