{"id":141,"date":"2023-10-10T22:11:45","date_gmt":"2023-10-10T20:11:45","guid":{"rendered":"http:\/\/zellem.art\/?page_id=141"},"modified":"2023-10-14T12:07:46","modified_gmt":"2023-10-14T10:07:46","slug":"les-premices-dune-renaissance","status":"publish","type":"page","link":"https:\/\/zellem.art\/index.php\/les-premices-dune-renaissance\/","title":{"rendered":"Les pr\u00e9mices d&#8217;une renaissance"},"content":{"rendered":"\n<div class=\"wp-block-columns is-layout-flex wp-container-core-columns-is-layout-9d6595d7 wp-block-columns-is-layout-flex\">\n<div class=\"wp-block-column is-layout-flow wp-block-column-is-layout-flow\">\n<figure class=\"wp-block-image size-large\"><img loading=\"lazy\" decoding=\"async\" width=\"767\" height=\"1024\" src=\"http:\/\/zellem.art\/wp-content\/uploads\/2023\/10\/8F7BE53D-1F0C-496F-AC65-BE345240C6EE-767x1024.jpeg\" alt=\"\" class=\"wp-image-71\" srcset=\"https:\/\/zellem.art\/wp-content\/uploads\/2023\/10\/8F7BE53D-1F0C-496F-AC65-BE345240C6EE-767x1024.jpeg 767w, https:\/\/zellem.art\/wp-content\/uploads\/2023\/10\/8F7BE53D-1F0C-496F-AC65-BE345240C6EE-225x300.jpeg 225w, https:\/\/zellem.art\/wp-content\/uploads\/2023\/10\/8F7BE53D-1F0C-496F-AC65-BE345240C6EE-768x1025.jpeg 768w, https:\/\/zellem.art\/wp-content\/uploads\/2023\/10\/8F7BE53D-1F0C-496F-AC65-BE345240C6EE-1151x1536.jpeg 1151w, https:\/\/zellem.art\/wp-content\/uploads\/2023\/10\/8F7BE53D-1F0C-496F-AC65-BE345240C6EE-1534x2048.jpeg 1534w, https:\/\/zellem.art\/wp-content\/uploads\/2023\/10\/8F7BE53D-1F0C-496F-AC65-BE345240C6EE-scaled.jpeg 1918w\" sizes=\"auto, (max-width: 767px) 100vw, 767px\" \/><\/figure>\n\n\n\n<p class=\"has-text-align-center has-black-background-color has-text-color has-background\" style=\"color:#fefefe\"><em>Technique : Acrylique sur toile<br>Dimensions : 92 x 65 cm<\/em><\/p>\n<\/div>\n\n\n\n<div class=\"wp-block-column is-layout-flow wp-block-column-is-layout-flow\">\n<p class=\"has-regular-font-size\"><strong>LIB\u00c9RATION, BIENVEILLANCE ET PROGR\u00c8S, LES PR\u00c9MICES D\u2019UNE RENAISSANCE<\/strong><\/p>\n\n\n\n<p class=\"has-regular-font-size\">\ud83d\udd2c\ud83e\uddec\ud83d\udd2d\ud83c\udf0c<\/p>\n\n\n\n<p class=\"has-regular-font-size\">Se lib\u00e9rer de toute sa culpabilit\u00e9<br>Monade \/ Dyade&nbsp;<br>Division cellulaire embryonnaire&nbsp;<br>De l\u2019infiniment petit vers l\u2019infiniment grand<\/p>\n\n\n\n<p class=\"has-regular-font-size\">Zellem<\/p>\n<\/div>\n<\/div>\n\n\n\n<p><\/p>\n","protected":false},"excerpt":{"rendered":"<p>Technique : Acrylique sur toileDimensions : 92 x 65 cm LIB\u00c9RATION, BIENVEILLANCE ET PROGR\u00c8S, LES PR\u00c9MICES D\u2019UNE RENAISSANCE \ud83d\udd2c\ud83e\uddec\ud83d\udd2d\ud83c\udf0c Se lib\u00e9rer de toute sa culpabilit\u00e9Monade \/ Dyade&nbsp;Division cellulaire embryonnaire&nbsp;De l\u2019infiniment petit vers l\u2019infiniment grand Zellem<\/p>\n","protected":false},"author":1,"featured_media":0,"parent":0,"menu_order":0,"comment_status":"closed","ping_status":"closed","template":"","meta":{"footnotes":""},"class_list":["post-141","page","type-page","status-publish","hentry"],"_links":{"self":[{"href":"https:\/\/zellem.art\/index.php\/wp-json\/wp\/v2\/pages\/141","targetHints":{"allow":["GET"]}}],"collection":[{"href":"https:\/\/zellem.art\/index.php\/wp-json\/wp\/v2\/pages"}],"about":[{"href":"https:\/\/zellem.art\/index.php\/wp-json\/wp\/v2\/types\/page"}],"author":[{"embeddable":true,"href":"https:\/\/zellem.art\/index.php\/wp-json\/wp\/v2\/users\/1"}],"replies":[{"embeddable":true,"href":"https:\/\/zellem.art\/index.php\/wp-json\/wp\/v2\/comments?post=141"}],"version-history":[{"count":9,"href":"https:\/\/zellem.art\/index.php\/wp-json\/wp\/v2\/pages\/141\/revisions"}],"predecessor-version":[{"id":202,"href":"https:\/\/zellem.art\/index.php\/wp-json\/wp\/v2\/pages\/141\/revisions\/202"}],"wp:attachment":[{"href":"https:\/\/zellem.art\/index.php\/wp-json\/wp\/v2\/media?parent=141"}],"curies":[{"name":"wp","href":"https:\/\/api.w.org\/{rel}","templated":true}]}}